{"id":13310,"date":"2023-11-13T12:09:51","date_gmt":"2023-11-13T11:09:51","guid":{"rendered":"https:\/\/nicolashodee.com\/quienes-somos\/"},"modified":"2024-06-13T15:48:54","modified_gmt":"2024-06-13T13:48:54","slug":"quien-soy","status":"publish","type":"page","link":"https:\/\/nicolashodee.com\/es\/quien-soy\/","title":{"rendered":"Qui\u00e9n soy"},"content":{"rendered":"[vc_row type=\u00bbin_container\u00bb full_screen_row_position=\u00bbmiddle\u00bb column_margin=\u00bbdefault\u00bb column_direction=\u00bbdefault\u00bb column_direction_tablet=\u00bbdefault\u00bb column_direction_phone=\u00bbdefault\u00bb scene_position=\u00bbcenter\u00bb text_color=\u00bbdark\u00bb text_align=\u00bbleft\u00bb row_border_radius=\u00bbnone\u00bb row_border_radius_applies=\u00bbbg\u00bb overflow=\u00bbvisible\u00bb overlay_strength=\u00bb0.3&#8243; gradient_direction=\u00bbleft_to_right\u00bb shape_divider_position=\u00bbbottom\u00bb bg_image_animation=\u00bbnone\u00bb][vc_column column_padding=\u00bbpadding-5-percent\u00bb column_padding_tablet=\u00bbinherit\u00bb column_padding_phone=\u00bbinherit\u00bb column_padding_position=\u00bbtop-bottom\u00bb column_element_direction_desktop=\u00bbdefault\u00bb column_element_spacing=\u00bbdefault\u00bb desktop_text_alignment=\u00bbdefault\u00bb tablet_text_alignment=\u00bbdefault\u00bb phone_text_alignment=\u00bbdefault\u00bb background_color_opacity=\u00bb1&#8243; background_hover_color_opacity=\u00bb1&#8243; column_backdrop_filter=\u00bbnone\u00bb column_shadow=\u00bbnone\u00bb column_border_radius=\u00bbnone\u00bb column_link_target=\u00bb_self\u00bb column_position=\u00bbdefault\u00bb gradient_direction=\u00bbleft_to_right\u00bb overlay_strength=\u00bb0.3&#8243; width=\u00bb2\/3&#8243; tablet_width_inherit=\u00bbdefault\u00bb animation_type=\u00bbdefault\u00bb bg_image_animation=\u00bbnone\u00bb border_type=\u00bbsimple\u00bb column_border_width=\u00bbnone\u00bb column_border_style=\u00bbsolid\u00bb column_padding_type=\u00bbdefault\u00bb gradient_type=\u00bbdefault\u00bb][split_line_heading animation_type=\u00bbline-reveal-by-space\u00bb font_style=\u00bbh3&#8243; line_reveal_by_space_text_effect=\u00bbdefault\u00bb content_alignment=\u00bbdefault\u00bb mobile_content_alignment=\u00bbinherit\u00bb link_target=\u00bb_self\u00bb text_content=\u00bbBienvenido a mi sitio web\u00bb][\/split_line_heading][vc_column_text css=\u00bb.vc_custom_1709062565001{padding-bottom: 35px !important;}\u00bb]Nacido en 1990 y criado en la Provenza (Francia), soy un apasionado de la fotograf\u00eda de paisaje desde la adolescencia. Me gradu\u00e9 en la escuela Gobelins en 2015 (en Paris), y desde entonces trabajo como retocador fotogr\u00e1fico y profesional de la imagen. Desde 2020 tambi\u00e9n creo sitios web profesionales para artesanos y asociaciones.<\/p>\n<p>Siempre atra\u00eddo por la naturaleza y las alturas, estoy trabajando para desarrollar mi propio estilo fotogr\u00e1fico explorando monta\u00f1as y lugares salvajes.<\/p>\n<p>Tard\u00e9 a\u00f1os en comprender realmente lo que la fotograf\u00eda significaba para m\u00ed: una forma sencilla de vivir al aire libre y observar lo que hay ah\u00ed, justo delante de nuestros ojos.<\/p>\n<p>Cruzar un puerto antes del amanecer, fotografiar de noche, tumbarse boca abajo para observar las flores, seguir a los novios mientras se enamoran, sentir el fr\u00edo y escuchar el silencio. Estas son las cosas que me apasionan, siempre con el objetivo de ofrecerle lo bello y lo inesperado.<\/p>\n<p>No dude en ponerse en contacto conmigo si tiene alguna duda o simplemente quiere saludarme.[\/vc_column_text][nectar_btn size=\u00bblarge\u00bb constrain_group_1=\u00bbyes\u00bb button_style=\u00bbsee-through-2&#8243; hover_text_color_override=\u00bb#ffffff\u00bb icon_family=\u00bbdefault_arrow\u00bb text=\u00bbFormulario de contacto\u00bb url=\u00bbhttps:\/\/nicolashodee.com\/contact-me\/\u00bb css_animation=\u00bbnone\u00bb margin_top=\u00bb5%\u00bb margin_bottom=\u00bb5%\u00bb][\/vc_column][vc_column column_padding=\u00bbpadding-2-percent\u00bb column_padding_tablet=\u00bbinherit\u00bb column_padding_phone=\u00bbpadding-1-percent\u00bb column_padding_position=\u00bbtop\u00bb translate_y=\u00bb-180&#8243; translate_y_phone=\u00bb-15&#8243; column_element_direction_desktop=\u00bbdefault\u00bb column_element_spacing=\u00bbdefault\u00bb desktop_text_alignment=\u00bbdefault\u00bb tablet_text_alignment=\u00bbdefault\u00bb phone_text_alignment=\u00bbdefault\u00bb background_color_opacity=\u00bb1&#8243; background_hover_color_opacity=\u00bb1&#8243; column_backdrop_filter=\u00bbnone\u00bb column_shadow=\u00bbnone\u00bb column_border_radius=\u00bbnone\u00bb column_link_target=\u00bb_self\u00bb column_position=\u00bbdefault\u00bb gradient_direction=\u00bbleft_to_right\u00bb overlay_strength=\u00bb0.3&#8243; width=\u00bb1\/3&#8243; tablet_width_inherit=\u00bbdefault\u00bb animation_type=\u00bbdefault\u00bb bg_image_animation=\u00bbnone\u00bb border_type=\u00bbsimple\u00bb column_border_width=\u00bbnone\u00bb column_border_style=\u00bbsolid\u00bb column_padding_type=\u00bbdefault\u00bb gradient_type=\u00bbdefault\u00bb][nectar_cascading_images image_1_bg_color=\u00bb#000000&#8243; image_1_offset_x_sign=\u00bb-\u00bb image_1_offset_x=\u00bb5%\u00bb image_1_offset_y_sign=\u00bb-\u00bb image_1_offset_y=\u00bb5%\u00bb image_1_rotate_sign=\u00bb+\u00bb image_1_rotate=\u00bbnone\u00bb image_1_scale=\u00bb1&#8243; image_1_animation=\u00bbFade In\u00bb image_1_padding=\u00bbauto\u00bb image_1_box_shadow=\u00bbnone\u00bb image_1_max_width_desktop=\u00bb100%\u00bb image_1_max_width_mobile=\u00bb100%\u00bb image_1_image_width_mobile=\u00bbdefault\u00bb image_2_url=\u00bb10979&#8243; image_2_offset_x_sign=\u00bb+\u00bb image_2_offset_x=\u00bb5%\u00bb image_2_offset_y_sign=\u00bb+\u00bb image_2_offset_y=\u00bb5%\u00bb image_2_rotate_sign=\u00bb+\u00bb image_2_rotate=\u00bbnone\u00bb image_2_scale=\u00bb1&#8243; image_2_animation=\u00bbFade In\u00bb image_2_padding=\u00bbauto\u00bb image_2_box_shadow=\u00bbnone\u00bb image_2_max_width_desktop=\u00bb100%\u00bb image_2_max_width_mobile=\u00bb100%\u00bb image_2_image_width_mobile=\u00bbdefault\u00bb image_3_offset_x_sign=\u00bb+\u00bb image_3_offset_x=\u00bb15%\u00bb image_3_offset_y_sign=\u00bb+\u00bb image_3_offset_y=\u00bb15%\u00bb image_3_rotate_sign=\u00bb+\u00bb image_3_rotate=\u00bbnone\u00bb image_3_scale=\u00bb1&#8243; image_3_animation=\u00bbFade In\u00bb image_3_padding=\u00bbauto\u00bb image_3_box_shadow=\u00bbnone\u00bb image_3_max_width_desktop=\u00bb100%\u00bb image_3_max_width_mobile=\u00bb100%\u00bb image_3_image_width_mobile=\u00bbdefault\u00bb image_4_offset_x_sign=\u00bb+\u00bb image_4_offset_x=\u00bb0%\u00bb image_4_offset_y_sign=\u00bb+\u00bb image_4_offset_y=\u00bb0%\u00bb image_4_rotate_sign=\u00bb+\u00bb image_4_rotate=\u00bbnone\u00bb image_4_scale=\u00bb1&#8243; image_4_animation=\u00bbFade In\u00bb image_4_padding=\u00bbauto\u00bb image_4_box_shadow=\u00bbnone\u00bb image_4_max_width_desktop=\u00bb100%\u00bb image_4_max_width_mobile=\u00bb100%\u00bb image_4_image_width_mobile=\u00bbdefault\u00bb element_sizing=\u00bbdefault\u00bb image_loading=\u00bbdefault\u00bb border_radius=\u00bbnone\u00bb overflow=\u00bbvisible\u00bb][\/vc_column][\/vc_row]\n","protected":false},"excerpt":{"rendered":"<p>[vc_row type=\u00bbin_container\u00bb full_screen_row_position=\u00bbmiddle\u00bb column_margin=\u00bbdefault\u00bb column_direction=\u00bbdefault\u00bb column_direction_tablet=\u00bbdefault\u00bb column_direction_phone=\u00bbdefault\u00bb scene_position=\u00bbcenter\u00bb text_color=\u00bbdark\u00bb text_align=\u00bbleft\u00bb row_border_radius=\u00bbnone\u00bb row_border_radius_applies=\u00bbbg\u00bb overflow=\u00bbvisible\u00bb overlay_strength=\u00bb0.3&#8243; gradient_direction=\u00bbleft_to_right\u00bb shape_divider_position=\u00bbbottom\u00bb bg_image_animation=\u00bbnone\u00bb][vc_column column_padding=\u00bbpadding-5-percent\u00bb column_padding_tablet=\u00bbinherit\u00bb column_padding_phone=\u00bbinherit\u00bb column_padding_position=\u00bbtop-bottom\u00bb column_element_direction_desktop=\u00bbdefault\u00bb column_element_spacing=\u00bbdefault\u00bb desktop_text_alignment=\u00bbdefault\u00bb tablet_text_alignment=\u00bbdefault\u00bb phone_text_alignment=\u00bbdefault\u00bb background_color_opacity=\u00bb1&#8243; background_hover_color_opacity=\u00bb1&#8243; column_backdrop_filter=\u00bbnone\u00bb column_shadow=\u00bbnone\u00bb&#8230;<\/p>\n","protected":false},"author":1,"featured_media":0,"parent":0,"menu_order":0,"comment_status":"closed","ping_status":"closed","template":"","meta":{"slim_seo":{"title":"Qui\u00e9n soy - nicolashodee.com","description":"[vc_row type=\"in_container\" full_screen_row_position=\"middle\" column_margin=\"default\" column_direction=\"default\" column_direction_tablet=\"default\" column_direct"},"iawp_total_views":17,"footnotes":""},"class_list":["post-13310","page","type-page","status-publish"],"_links":{"self":[{"href":"https:\/\/nicolashodee.com\/es\/wp-json\/wp\/v2\/pages\/13310","targetHints":{"allow":["GET"]}}],"collection":[{"href":"https:\/\/nicolashodee.com\/es\/wp-json\/wp\/v2\/pages"}],"about":[{"href":"https:\/\/nicolashodee.com\/es\/wp-json\/wp\/v2\/types\/page"}],"author":[{"embeddable":true,"href":"https:\/\/nicolashodee.com\/es\/wp-json\/wp\/v2\/users\/1"}],"replies":[{"embeddable":true,"href":"https:\/\/nicolashodee.com\/es\/wp-json\/wp\/v2\/comments?post=13310"}],"version-history":[{"count":5,"href":"https:\/\/nicolashodee.com\/es\/wp-json\/wp\/v2\/pages\/13310\/revisions"}],"predecessor-version":[{"id":14311,"href":"https:\/\/nicolashodee.com\/es\/wp-json\/wp\/v2\/pages\/13310\/revisions\/14311"}],"wp:attachment":[{"href":"https:\/\/nicolashodee.com\/es\/wp-json\/wp\/v2\/media?parent=13310"}],"curies":[{"name":"wp","href":"https:\/\/api.w.org\/{rel}","templated":true}]}}